{"id":1781,"date":"2025-03-21T12:58:38","date_gmt":"2025-03-21T12:58:38","guid":{"rendered":"https:\/\/emojikitchen.cc\/?page_id=1781"},"modified":"2025-03-21T13:48:23","modified_gmt":"2025-03-21T13:48:23","slug":"emoji-wallpaper-maker","status":"publish","type":"page","link":"https:\/\/emojikitchen.cc\/pt-br\/emoji-wallpaper-maker\/","title":{"rendered":"Criador de papel de parede de emoji"},"content":{"rendered":"<div class=\"emoji-wallpaper-maker\">\r\n    <div class=\"maker-row\">\r\n        <div class=\"maker-col control-panel\">\r\n            <h1>Criador de papel de parede de emoji<\/h1>\r\n            <form class=\"wallpaper-form\" action=\"\">\r\n                <!-- Emojis \u8f93\u5165 -->\r\n                <div class=\"form-group\">\r\n                    <label for=\"emojis\">Emojis<\/label>\r\n                    <div class=\"emoji-input-wrapper\">\r\n                        <input class=\"form-control\" id=\"emojis\" required value=\"\ud83c\udf2d\u2615\ud83c\udf69\ud83c\udf6d\ud83c\udf89\ud83e\udd42\" type=\"text\">\r\n                        <button type=\"button\" class=\"emoji-picker-trigger\">\r\n                            \ud83d\ude00\r\n                        <\/button>\r\n                    <\/div>\r\n                <\/div>\r\n\r\n                <!-- Pattern \u6a21\u5f0f\u9009\u62e9 -->\r\n                <div class=\"form-group\">\r\n                    <label>Padr\u00e3o<\/label>\r\n                    <div class=\"pattern-grid\">\r\n                        <div class=\"pattern-item\">\r\n                            <input type=\"radio\" name=\"pattern\" value=\"grid\" id=\"grid\" checked>\r\n                            <label class=\"pattern-btn\" for=\"grid\">Grid \ud83d\udd22<\/label>\r\n                        <\/div>\r\n                        <div class=\"pattern-item\">\r\n                            <input type=\"radio\" name=\"pattern\" value=\"spirals\" id=\"spirals\">\r\n                            <label class=\"pattern-btn\" for=\"spirals\">Spirals \ud83c\udf00<\/label>\r\n                        <\/div>\r\n                        <div class=\"pattern-item\">\r\n                            <input type=\"radio\" name=\"pattern\" value=\"stacks\" id=\"stacks\">\r\n                            <label class=\"pattern-btn\" for=\"stacks\">Stacks \ud83d\udcda<\/label>\r\n                        <\/div>\r\n                        <div class=\"pattern-item\">\r\n                            <input type=\"radio\" name=\"pattern\" value=\"diamonds\" id=\"diamonds\">\r\n                            <label class=\"pattern-btn\" for=\"diamonds\">Diamo. \ud83d\udc8e<\/label>\r\n                        <\/div>\r\n                        <div class=\"pattern-item\">\r\n                            <input type=\"radio\" name=\"pattern\" value=\"swirl\" id=\"swirl\">\r\n                            <label class=\"pattern-btn\" for=\"swirl\">Swirl \ud83c\udf65<\/label>\r\n                        <\/div>\r\n                        <div class=\"pattern-item\">\r\n                            <input type=\"radio\" name=\"pattern\" value=\"sprinkle\" id=\"sprinkle\">\r\n                            <label class=\"pattern-btn\" for=\"sprinkle\">Polvilhe \u2728<\/label>\r\n                        <\/div>\r\n                        <div class=\"pattern-item\">\r\n                            <input type=\"radio\" name=\"pattern\" value=\"hexes\" id=\"hexes\">\r\n                            <label class=\"pattern-btn\" for=\"hexes\">Hexes \ud83d\udd36<\/label>\r\n                        <\/div>\r\n                        <div class=\"pattern-item\">\r\n                            <input type=\"radio\" name=\"pattern\" value=\"bubbles\" id=\"bubbles\">\r\n                            <label class=\"pattern-btn\" for=\"bubbles\">Bubbles \ud83d\uddef\ufe0f<\/label>\r\n                        <\/div>\r\n                    <\/div>\r\n                <\/div>\r\n\r\n                <!-- \u989c\u8272\u8bbe\u7f6e -->\r\n                <div class=\"form-group color-settings\">\r\n                    <div class=\"color-group\">\r\n                        <label>Cor do texto<\/label>\r\n                        <div class=\"color-picker-wrapper\">\r\n                            <div class=\"color-picker text-color\">\r\n                                <div class=\"current-color\"><\/div>\r\n                            <\/div>\r\n                        <\/div>\r\n                    <\/div>\r\n                    <div class=\"color-group\">\r\n                        <label>Hist\u00f3rico<\/label>\r\n                        <div class=\"color-picker-wrapper\">\r\n                            <div class=\"color-picker bg-color\">\r\n                                <div class=\"current-color\"><\/div>\r\n                            <\/div>\r\n                        <\/div>\r\n                    <\/div>\r\n                    <div class=\"color-group\">\r\n                        <label>Escala de cinza<\/label>\r\n                        <div class=\"color-picker-wrapper\">\r\n                            <div class=\"grayscale-option\">\r\n                                <input id=\"grayscale\" type=\"checkbox\">\r\n                                <label for=\"grayscale\">Escala de cinza<\/label>\r\n                            <\/div>\r\n                        <\/div>\r\n\r\n                    <\/div>\r\n                <\/div>\r\n\r\n                <!-- Emoji type -->\r\n                <div class=\"form-group\">\r\n                    <label>Tipo de emoji<\/label>\r\n                    <div class=\"emoji-type-group\">\r\n                        <input type=\"radio\" name=\"emojiType\" id=\"mono\" value=\"mono\" checked>\r\n                        <label class=\"emoji-type-btn mono\" for=\"mono\">Monochrome \ud83d\ude1b<\/label>\r\n                        <input type=\"radio\" name=\"emojiType\" id=\"color\" value=\"color\">\r\n                        <label class=\"emoji-type-btn\" for=\"color\">Color \ud83d\ude1b<\/label>\r\n                    <\/div>\r\n                <\/div>\r\n\r\n                <!-- Font Size -->\r\n                <div class=\"form-group\">\r\n                    <label>Tamanho da fonte<\/label>\r\n                    <input type=\"range\" class=\"font-size-slider\" id=\"fontSize\" min=\"50\" max=\"300\" value=\"60\">\r\n                <\/div>\r\n            <input type=\"hidden\" name=\"trp-form-language\" value=\"pt-br\"\/><\/form>\r\n\r\n            <!-- \u4e0b\u8f7d\u548c\u590d\u5236\u94fe\u63a5\u6309\u94ae -->\r\n            <div class=\"action-buttons\">\r\n                <a class=\"btn btn-primary download-btn\">\r\n                    Baixar <i class=\"fas fa-download\"><\/i>\r\n                <\/a>\r\n                <a class=\"btn btn-outline copy-link-btn\">\r\n                    <span>Copiar link <i class=\"fas fa-copy\"><\/i><\/span>\r\n                    <span class=\"copied-text\">Copied! \ud83d\udc4d\ud83c\udffb\ud83d\udc4c\ud83c\udffb<\/span>\r\n                <\/a>\r\n            <\/div>\r\n        <\/div>\r\n\r\n        <!-- \u9884\u89c8\u533a\u57df -->\r\n        <div class=\"preview-panel\">\r\n            <div class=\"device-tabs\">\r\n                <div class=\"device-buttons\">\r\n                    <span class=\"device-btn active\" title=\"Desktop\" data-size=\"desktop\">\r\n                        <i class=\"fas fa-desktop\"><\/i>\r\n                    <\/span>\r\n                    <span class=\"device-btn\" title=\"Tablet\" data-size=\"tablet\">\r\n                        <i class=\"fas fa-tablet\"><\/i>\r\n                    <\/span>\r\n                    <span class=\"device-btn\" title=\"Celular\" data-size=\"mobile\">\r\n                        <i class=\"fas fa-mobile\"><\/i>\r\n                    <\/span>\r\n                <\/div>\r\n            <\/div>\r\n            <div class=\"canvas-wrapper\">\r\n                <canvas id=\"wallpaperCanvas\"><\/canvas>\r\n            <\/div>\r\n            <div class=\"loading-overlay\">\r\n                <div class=\"loading-content\">\r\n                    <img decoding=\"async\" alt=\"loading gif\" src=\"https:\/\/emojikitchen.cc\/wp-content\/plugins\/text-to-emoji\/assets\/images\/loading.gif\">\r\n                    <span>Gera\u00e7\u00e3o de...<\/span>\r\n                <\/div>\r\n            <\/div>\r\n        <\/div>\r\n    <\/div>\r\n<\/div> \n\n\n\n<h2 class=\"wp-block-heading\">? Emoji Wallpaper Maker: Crie pap\u00e9is de parede exclusivos de Emoji em segundos!<\/h2>\n\n\n\n<p>Deseja dar um toque divertido e criativo ao seu dispositivo? Nossos <strong>Criador de papel de parede de emoji<\/strong> permite que voc\u00ea crie fundos de emojis impressionantes e personalizados com facilidade! Se estiver expressando seu humor, comemorando uma ocasi\u00e3o especial ou simplesmente procurando destacar sua tela, essa ferramenta tem tudo o que voc\u00ea precisa.<\/p>\n\n\n\n<h2 class=\"wp-block-heading\">Como funciona<\/h2>\n\n\n\n<p>Criar seu papel de parede de emoji personalizado \u00e9 r\u00e1pido e f\u00e1cil:<br>1\ufe0f\u20e3 <strong>Escolha entre uma ampla sele\u00e7\u00e3o de emojis<\/strong> para combinar com seu estilo.<br>2\ufe0f\u20e3 <strong>Selecione um padr\u00e3o de arranjo<\/strong> para criar um layout exclusivo.<br>3\ufe0f\u20e3 <strong>Personalize cores e planos de fundo<\/strong> para torn\u00e1-lo verdadeiramente seu.<br>4\ufe0f\u20e3 <strong>Visualize sua cria\u00e7\u00e3o em tempo real<\/strong> e fazer ajustes instantaneamente.<\/p>\n\n\n\n<h2 class=\"wp-block-heading\">Op\u00e7\u00f5es de personaliza\u00e7\u00e3o infinitas<\/h2>\n\n\n\n<p>De designs vibrantes e divertidos a padr\u00f5es elegantes e minimalistas, sua imagina\u00e7\u00e3o \u00e9 o \u00fanico limite. Misture e combine emojis, experimente esquemas de cores e crie um papel de parede que reflita perfeitamente sua personalidade.<\/p>\n\n\n\n<h2 class=\"wp-block-heading\">? Baixar e compartilhar<\/h2>\n\n\n\n<p>Quando estiver satisfeito com sua obra-prima, <strong>fa\u00e7a o download instantaneamente<\/strong> ou copie-o e defina-o como papel de parede com apenas alguns cliques. Deseja exibir sua cria\u00e7\u00e3o? Compartilhe-a com amigos e familiares para espalhar a divers\u00e3o!<\/p>\n\n\n\n<p>? <strong>Comece a criar agora e transforme sua tela com arte de emoji personalizada!<\/strong><\/p>","protected":false},"excerpt":{"rendered":"<p>? Emoji Wallpaper Maker: Create Unique Emoji Wallpapers in Seconds! Want to add a fun and creative touch to your device? Our Emoji Wallpaper Maker lets you design stunning, personalized emoji backgrounds with ease! Whether you\u2019re expressing your mood, celebrating a special occasion, or simply looking to make your screen stand out, this tool has&#8230;<\/p>","protected":false},"author":1,"featured_media":0,"parent":0,"menu_order":0,"comment_status":"closed","ping_status":"closed","template":"","meta":{"_kad_blocks_custom_css":"","_kad_blocks_head_custom_js":"","_kad_blocks_body_custom_js":"","_kad_blocks_footer_custom_js":"","_kad_post_transparent":"","_kad_post_title":"","_kad_post_layout":"fullwidth","_kad_post_sidebar_id":"","_kad_post_content_style":"","_kad_post_vertical_padding":"","_kad_post_feature":"","_kad_post_feature_position":"","_kad_post_header":false,"_kad_post_footer":false,"_kad_post_classname":"","footnotes":""},"class_list":["post-1781","page","type-page","status-publish","hentry"],"taxonomy_info":[],"featured_image_src_large":false,"author_info":{"display_name":"Ben Hu","author_link":"https:\/\/emojikitchen.cc\/pt-br\/author\/ekadmin24\/"},"comment_info":0,"_links":{"self":[{"href":"https:\/\/emojikitchen.cc\/pt-br\/wp-json\/wp\/v2\/pages\/1781","targetHints":{"allow":["GET"]}}],"collection":[{"href":"https:\/\/emojikitchen.cc\/pt-br\/wp-json\/wp\/v2\/pages"}],"about":[{"href":"https:\/\/emojikitchen.cc\/pt-br\/wp-json\/wp\/v2\/types\/page"}],"author":[{"embeddable":true,"href":"https:\/\/emojikitchen.cc\/pt-br\/wp-json\/wp\/v2\/users\/1"}],"replies":[{"embeddable":true,"href":"https:\/\/emojikitchen.cc\/pt-br\/wp-json\/wp\/v2\/comments?post=1781"}],"version-history":[{"count":3,"href":"https:\/\/emojikitchen.cc\/pt-br\/wp-json\/wp\/v2\/pages\/1781\/revisions"}],"predecessor-version":[{"id":1786,"href":"https:\/\/emojikitchen.cc\/pt-br\/wp-json\/wp\/v2\/pages\/1781\/revisions\/1786"}],"wp:attachment":[{"href":"https:\/\/emojikitchen.cc\/pt-br\/wp-json\/wp\/v2\/media?parent=1781"}],"curies":[{"name":"wp","href":"https:\/\/api.w.org\/{rel}","templated":true}]}}