{"id":27,"date":"2024-11-15T09:02:43","date_gmt":"2024-11-15T09:02:43","guid":{"rendered":"https:\/\/www.emojikitchen.cc\/?page_id=27"},"modified":"2024-11-15T09:09:28","modified_gmt":"2024-11-15T09:09:28","slug":"contact-us","status":"publish","type":"page","link":"https:\/\/emojikitchen.cc\/es\/contact-us\/","title":{"rendered":"P\u00f3ngase en contacto con nosotros"},"content":{"rendered":"<h1 class=\"wp-block-heading\" id=\"get-in-touch-with-emojikitchencc-we\u2019re-here-to-help\">Ponte en contacto con EmojiKitchen.cc: \u00a1Estamos aqu\u00ed para ayudarte!<\/h1>\n\n\n\n<p>\u00bfQuieres ponerte en contacto con nosotros? Si tienes alguna pregunta, necesitas ayuda o quieres compartir tus emoji mashups creativos, nos encantar\u00eda saber de ti. En EmojiKitchen.cc, damos prioridad a tus comentarios y nos comprometemos a proporcionarte la mejor experiencia posible. Hagamos que tu visita sea memorable e interactiva.<\/p>\n\n\n\n<h2 class=\"wp-block-heading\" id=\"?-reach-out-to-us\">? P\u00f3ngase en contacto con nosotros<\/h2>\n\n\n\n<p><strong>Env\u00edenos un correo electr\u00f3nico directamente<\/strong><br>Si tienes alguna pregunta, comentario o simplemente quieres charlar sobre tus creaciones de Emoji Kitchen, env\u00edanos un mensaje a trav\u00e9s del siguiente formulario. Nos esforzamos por responder a cada correo electr\u00f3nico dentro de <strong>24 horas<\/strong>-su tiempo es importante para nosotros, y estamos aqu\u00ed para ayudarle.<\/p>\n\n\n\n<figure class=\"wp-block-table\"><table class=\"has-fixed-layout\"><thead><tr><th><strong>Contacto<\/strong><\/th><th><strong>Tiempo de respuesta del correo electr\u00f3nico<\/strong><\/th><\/tr><\/thead><tbody><tr><td>Consultas generales<\/td><td>En 24 horas<\/td><\/tr><tr><td>Comentarios y sugerencias<\/td><td>En 48 horas<\/td><\/tr><tr><td>Asistencia t\u00e9cnica<\/td><td>Lo antes posible<\/td><\/tr><\/tbody><\/table><\/figure>\n\n\n\n<h2 class=\"wp-block-heading\" id=\"?-share-your-feedback-and-suggestions\">? Comparte tus opiniones y sugerencias<\/h2>\n\n\n\n<p>Tu opini\u00f3n nos ayuda a crecer. Si tienes ideas sobre c\u00f3mo podemos mejorar tu experiencia o sugerencias para nuevas funciones emoji, somos todo o\u00eddos. Nuestro equipo revisa cuidadosamente todos los comentarios porque tus opiniones dan forma al futuro de EmojiKitchen.cc. Juntos, podemos crear un espacio m\u00e1s din\u00e1mico y f\u00e1cil de usar para todos.<\/p>\n\n\n\n<h3 class=\"wp-block-heading\" id=\"?-join-the-emoji-enthusiasts-community\">? \u00danete a la comunidad de entusiastas del emoji<\/h3>\n\n\n\n<p>\u00bfEres fan de las combinaciones emoji \u00fanicas? \u00danete a nuestra vibrante comunidad de amantes de los emoji y mentes creativas. Comparte tus combinaciones favoritas, intercambia consejos y descubre las \u00faltimas tendencias. Con\u00e9ctate con otros usuarios a los que les apasionan los emojis tanto como a ti: es el lugar perfecto para encontrar inspiraci\u00f3n y dar rienda suelta a nuevas ideas.<\/p>\n\n\n\n<p><strong>Ventajas comunitarias:<\/strong><\/p>\n\n\n\n<ul class=\"wp-block-list\">\n<li>Acceso a actualizaciones exclusivas de emoji<\/li>\n\n\n\n<li>Sea el primero en probar las nuevas funciones<\/li>\n\n\n\n<li>Participe en divertidos retos y concursos<\/li>\n<\/ul>\n\n\n\n<h2 class=\"wp-block-heading\" id=\"?-stay-connected-on-social-media\">? Mantente conectado en las redes sociales<\/h2>\n\n\n\n<p>No te pierdas nuestras \u00faltimas actualizaciones. S\u00edguenos en nuestras redes sociales para ver nuevos emojis, ideas creativas y mucho m\u00e1s. Etiqu\u00e9tanos en tus publicaciones y puede que publiquemos tus mezclas en nuestra p\u00e1gina.<\/p>\n\n\n\n<ul class=\"wp-block-list\">\n<li><strong>Instagram:<\/strong> @EmojiCocina<\/li>\n\n\n\n<li><strong>Twitter:<\/strong> @EmojiKitchenUpdates<\/li>\n\n\n\n<li><strong>Facebook:<\/strong> Comunidad EmojiKitchen<\/li>\n<\/ul>\n\n\n\n<h2 class=\"wp-block-heading\" id=\"?-let\u2019s-grow-together\">Crezcamos juntos<\/h2>\n\n\n\n<p>Somos m\u00e1s que un sitio web: somos una comunidad de personas creativas a las que les encanta explorar nuevas formas de expresarse. Tu apoyo y participaci\u00f3n nos ayudan a dar vida a las mejores herramientas y funciones. Tanto si est\u00e1s aqu\u00ed para divertirte, dar tu opini\u00f3n o simplemente saludarnos, tu presencia hace de EmojiKitchen.cc un lugar mejor.<\/p>\n\n\n\n<p>Gracias por formar parte de nuestro viaje. Creemos, conectemos e inspiremos: \u00a1un emoji cada vez!<\/p>","protected":false},"excerpt":{"rendered":"<p>Get in Touch with EmojiKitchen.cc: We\u2019re Here to Help! Looking to connect with us? Whether you have a question, need support, or want to share your creative emoji mashups, we\u2019d love to hear from you. At EmojiKitchen.cc, we prioritize your feedback and are committed to providing you with the best experience possible. Let\u2019s make your&#8230;<\/p>","protected":false},"author":1,"featured_media":0,"parent":0,"menu_order":0,"comment_status":"closed","ping_status":"closed","template":"","meta":{"_kad_blocks_custom_css":"","_kad_blocks_head_custom_js":"","_kad_blocks_body_custom_js":"","_kad_blocks_footer_custom_js":"","_kad_post_transparent":"","_kad_post_title":"","_kad_post_layout":"","_kad_post_sidebar_id":"","_kad_post_content_style":"","_kad_post_vertical_padding":"","_kad_post_feature":"","_kad_post_feature_position":"","_kad_post_header":false,"_kad_post_footer":false,"_kad_post_classname":"","footnotes":""},"class_list":["post-27","page","type-page","status-publish","hentry"],"taxonomy_info":[],"featured_image_src_large":false,"author_info":{"display_name":"Ben Hu","author_link":"https:\/\/emojikitchen.cc\/es\/author\/ekadmin24\/"},"comment_info":0,"_links":{"self":[{"href":"https:\/\/emojikitchen.cc\/es\/wp-json\/wp\/v2\/pages\/27","targetHints":{"allow":["GET"]}}],"collection":[{"href":"https:\/\/emojikitchen.cc\/es\/wp-json\/wp\/v2\/pages"}],"about":[{"href":"https:\/\/emojikitchen.cc\/es\/wp-json\/wp\/v2\/types\/page"}],"author":[{"embeddable":true,"href":"https:\/\/emojikitchen.cc\/es\/wp-json\/wp\/v2\/users\/1"}],"replies":[{"embeddable":true,"href":"https:\/\/emojikitchen.cc\/es\/wp-json\/wp\/v2\/comments?post=27"}],"version-history":[{"count":0,"href":"https:\/\/emojikitchen.cc\/es\/wp-json\/wp\/v2\/pages\/27\/revisions"}],"wp:attachment":[{"href":"https:\/\/emojikitchen.cc\/es\/wp-json\/wp\/v2\/media?parent=27"}],"curies":[{"name":"wp","href":"https:\/\/api.w.org\/{rel}","templated":true}]}}