{"id":20,"date":"2024-11-15T08:39:25","date_gmt":"2024-11-15T08:39:25","guid":{"rendered":"https:\/\/www.emojikitchen.cc\/?page_id=20"},"modified":"2024-12-27T12:24:59","modified_gmt":"2024-12-27T12:24:59","slug":"about-us","status":"publish","type":"page","link":"https:\/\/emojikitchen.cc\/es\/about-us\/","title":{"rendered":"Qui\u00e9nes somos"},"content":{"rendered":"<p>\u00bfEst\u00e1s cansado de los mismos emojis de siempre? En EmojiKitchen.cc creemos que la expresi\u00f3n personal no deber\u00eda tener l\u00edmites. Imagina combinar tus emojis favoritos para crear algo nuevo y \u00fanico. Con <a href=\"https:\/\/emojikitchen.cc\/es\/\">Cocina Emoji<\/a>Con EmojiKitchen.cc, una funci\u00f3n creativa de EmojiKitchen.cc, puedes mezclar y combinar para crear emojis personalizados que reflejen a la perfecci\u00f3n tu estado de \u00e1nimo y tu personalidad. Vamos a ver por qu\u00e9 Emoji Kitchen es el patio de recreo perfecto para tu creatividad.<\/p>\n\n\n\n<h2 class=\"wp-block-heading\" id=\"why-emoji-kitchen-is-a-game-changer\">Por qu\u00e9 Emoji Kitchen cambia las reglas del juego<\/h2>\n\n\n\n<p>\u00bfAlguna vez ha querido enviar un smiley un poco diferente? \u00bfO un coraz\u00f3n con un toque especial? Emoji Kitchen permite a los usuarios liberarse de la t\u00edpica paleta de emojis. Es una funci\u00f3n que fusiona dos emojis existentes para producir una pegatina \u00fanica, haciendo que tus conversaciones digitales sean m\u00e1s animadas y personalizadas. Seg\u00fan Google, hay <strong>m\u00e1s de 14.000 combinaciones posibles<\/strong>y peri\u00f3dicamente se a\u00f1aden otras nuevas, lo que ofrece a los usuarios infinitas posibilidades creativas.<\/p>\n\n\n\n<p>Imagina esto: te sientes emocionado pero tambi\u00e9n un poco descarado. Puedes mezclar el emoji \"cara con gafas de sol\" ? con el emoji \"party popper\" ? para crear una expresi\u00f3n \u00fanica para una celebraci\u00f3n divertida. \u00a1Es como tener tu propia f\u00e1brica de emoji en el bolsillo!<\/p>\n\n\n\n<h2 class=\"wp-block-heading\" id=\"how-to-use-emoji-kitchen-a-simple-guide\">C\u00f3mo usar Emoji Kitchen: Una gu\u00eda sencilla<\/h2>\n\n\n\n<p>Usar Emoji Kitchen es muy sencillo, incluso si no eres un mago de la tecnolog\u00eda. As\u00ed es como puedes empezar a mezclar y combinar:<\/p>\n\n\n\n<ol class=\"wp-block-list\">\n<li><strong>Abrir EmojiKitchen.cc<\/strong> en cualquier navegador.<\/li>\n\n\n\n<li><strong>Toca el icono emoji<\/strong> en el teclado.<\/li>\n\n\n\n<li><strong>Selecciona tu primer emoji<\/strong>-el teclado te sugerir\u00e1 opciones de mashup.<\/li>\n\n\n\n<li><strong>Elija su combinaci\u00f3n favorita<\/strong> de las sugerencias.<\/li>\n\n\n\n<li><strong>Pulse el bot\u00f3n<\/strong> <strong>icono de copia<\/strong> \u00a1junto a tu emoji personalizado y p\u00e9galo directamente en el chat! ?<\/li>\n<\/ol>\n\n\n\n<figure class=\"wp-block-table\"><table class=\"has-fixed-layout\"><thead><tr><th>Paso<\/th><th>Acci\u00f3n<\/th><th>Descripci\u00f3n<\/th><\/tr><\/thead><tbody><tr><td>1<\/td><td><strong>EmojiKitchen.cc<\/strong><\/td><td>Empiece por abrir <strong>EmojiKitchen.cc<\/strong> sitio web en cualquier navegador<\/td><\/tr><tr><td>2<\/td><td>Toca el icono Emoji<\/td><td>Accede al men\u00fa emoji del teclado.<\/td><\/tr><tr><td>3<\/td><td>Seleccione un Emoji<\/td><td>Elige un emoji para ver sugerencias de combinaciones.<\/td><\/tr><tr><td>4<\/td><td>Elija una combinaci\u00f3n<\/td><td>Echa un vistazo a las mezclas sugeridas y elige tu favorita.<\/td><\/tr><tr><td>5<\/td><td>Env\u00eda tu emoji personalizado<\/td><td>\u00a1Comparte tu creaci\u00f3n \u00fanica en el chat!<\/td><\/tr><\/tbody><\/table><\/figure>\n\n\n\n<p>Este r\u00e1pido proceso a\u00f1ade un toque divertido a tus mensajes cotidianos, permiti\u00e9ndote comunicarte con un estilo que va m\u00e1s all\u00e1 de las palabras.<\/p>\n\n\n\n<h2 class=\"wp-block-heading\" id=\"my-experience-with-emoji-kitchen\">Mi experiencia con Emoji Kitchen<\/h2>\n\n\n\n<p>Como alguien a quien le encanta a\u00f1adir un toque personal a mis mensajes, he descubierto que Emoji Kitchen es una herramienta fant\u00e1stica. Un d\u00eda, mientras le enviaba un mensaje a un amigo, decid\u00ed mezclar una \"cara pensativa\" ? con una \"taza de caf\u00e9\" \u2615. El resultado fue una expresi\u00f3n perfecta para mis sesiones nocturnas de brainstorming.<\/p>\n\n\n<div class=\"wp-block-image\">\n<figure class=\"aligncenter size-full is-resized\"><img decoding=\"async\" width=\"534\" height=\"534\" src=\"https:\/\/emojikitchen.cc\/wp-content\/uploads\/2024\/11\/image.png\" alt=\"thinking face coffee cup emoji\" class=\"wp-image-106\" style=\"width:146px;height:auto\" srcset=\"https:\/\/emojikitchen.cc\/wp-content\/uploads\/2024\/11\/image.png 534w, https:\/\/emojikitchen.cc\/wp-content\/uploads\/2024\/11\/image-300x300.png 300w, https:\/\/emojikitchen.cc\/wp-content\/uploads\/2024\/11\/image-150x150.png 150w\" sizes=\"(max-width: 534px) 100vw, 534px\" \/><\/figure>\n<\/div>\n\n\n<p> Son peque\u00f1os momentos como estos los que hacen que sea un placer utilizar Emoji Kitchen, ya que dan a mis chats un aire l\u00fadico y personalizado.<\/p>\n\n\n\n<h2 class=\"wp-block-heading\" id=\"beyond-chats-using-emoji-kitchen-on-social-media\">M\u00e1s all\u00e1 de los chats: Uso de la cocina emoji en las redes sociales<\/h2>\n\n\n\n<p>Emoji Kitchen no es solo para enviar mensajes de texto, \u00a1tambi\u00e9n triunfa en las redes sociales! Desde historias de Instagram a publicaciones de Facebook, estos emojis personalizados pueden hacer que tu contenido destaque. A los usuarios les encanta compartir sus creaciones \u00fanicas, y los comentarios han sido abrumadoramente positivos. Los influencers, en particular, han empezado a utilizar estos mashups para interactuar con sus seguidores de una forma divertida y aut\u00e9ntica. Es un truco sencillo para dar un toque creativo a tus publicaciones y hacer que tus historias sean m\u00e1s atractivas.<\/p>\n\n\n\n<h3 class=\"wp-block-heading\" id=\"trending-emoji-mashups-you-need-to-try\">Trending Emoji Mashups que tienes que probar<\/h3>\n\n\n\n<p>\u00bfTienes curiosidad por saber lo que hacen los dem\u00e1s? Aqu\u00ed tienes algunas combinaciones populares:<\/p>\n\n\n\n<figure class=\"wp-block-table\"><table class=\"has-fixed-layout\"><thead><tr><th>Emoji 1<\/th><th>Emoji 2<\/th><th>Descripci\u00f3n<\/th><\/tr><\/thead><tbody><tr><td>?<\/td><td>?<\/td><td>\u00a1Me r\u00edo tanto que es alucinante!<\/td><\/tr><tr><td>?<\/td><td>?<\/td><td>Una celebraci\u00f3n espinosa pero festiva<\/td><\/tr><tr><td>?<\/td><td>?<\/td><td>\u00a1Fresco hasta los huesos!<\/td><\/tr><tr><td>?<\/td><td>?<\/td><td>Amor con un giro impactante<\/td><\/tr><tr><td>?<\/td><td>?<\/td><td>Celebrando con una petici\u00f3n de ojos de cachorro<\/td><\/tr><\/tbody><\/table><\/figure>\n\n\n\n<p>Estas combinaciones \u00fanicas se comparten en diversas plataformas de redes sociales, captando la atenci\u00f3n de los usuarios que buscan contenidos frescos y expresivos.<\/p>\n\n\n\n<h2 class=\"wp-block-heading\" id=\"the-future-of-emoji-mashups\">El futuro de las mezclas de emoji<\/h2>\n\n\n\n<p>La belleza de Emoji Kitchen reside en su continua evoluci\u00f3n. Con cada actualizaci\u00f3n, Emojikitchen.cc introduce nuevas combinaciones, manteniendo la experiencia fresca y emocionante. De hecho, seg\u00fan datos compartidos por Google, los usuarios crean <strong>millones de mashups diarios<\/strong>lo que demuestra lo popular que se ha vuelto esta funci\u00f3n. Es una clara se\u00f1al de que la gente busca m\u00e1s formas de expresarse visualmente en el mundo digital actual.<\/p>\n\n\n\n<p>\u00bfY ahora qu\u00e9? Esperamos ver a\u00fan m\u00e1s variaciones de emoji a medida que los comentarios de los usuarios den forma al futuro de esta herramienta. Personalmente, no puedo esperar a la pr\u00f3xima actualizaci\u00f3n: espero una combinaci\u00f3n de los emojis \"fuego\" ? y \"cubito de hielo\" ? para cuando quiera describir algo como \"\u00a1guay pero caliente!\".<\/p>\n\n\n<div class=\"wp-block-image\">\n<figure class=\"aligncenter size-full is-resized\"><img decoding=\"async\" width=\"534\" height=\"534\" src=\"https:\/\/emojikitchen.cc\/wp-content\/uploads\/2024\/11\/image-1.png\" alt=\"Ice and Fire emoji\" class=\"wp-image-111\" style=\"width:157px;height:auto\" srcset=\"https:\/\/emojikitchen.cc\/wp-content\/uploads\/2024\/11\/image-1.png 534w, https:\/\/emojikitchen.cc\/wp-content\/uploads\/2024\/11\/image-1-300x300.png 300w, https:\/\/emojikitchen.cc\/wp-content\/uploads\/2024\/11\/image-1-150x150.png 150w\" sizes=\"(max-width: 534px) 100vw, 534px\" \/><\/figure>\n<\/div>\n\n\n<h2 class=\"wp-block-heading\" id=\"why-you-should-start-using-emoji-kitchen\">Por qu\u00e9 deber\u00edas empezar a usar Emoji Kitchen<\/h2>\n\n\n\n<p>Tanto si env\u00edas mensajes de texto de forma casual como si eres un entusiasta de las redes sociales, Emoji Kitchen es una forma fant\u00e1stica de dar un toque \u00fanico a tus mensajes. Es una herramienta sencilla pero potente que te permite expresar emociones complejas a trav\u00e9s de im\u00e1genes personalizadas. Desde mi experiencia, ha hecho que las conversaciones sean m\u00e1s atractivas y divertidas. Y a juzgar por su creciente popularidad, \u00a1no soy el \u00fanico que piensa as\u00ed!<\/p>\n\n\n\n<p>\u00bfListo para probarlo? Visite <a href=\"https:\/\/emojikitchen.cc\/es\/\">emojikitchen.cc<\/a> y empiece a explorar las infinitas posibilidades de <a href=\"https:\/\/emojikitchen.cc\/es\/\">Cocina Emoji<\/a> hoy. Deja que tu creatividad brille en cada mensaje que env\u00edes.<\/p>\n\n\n\n<p><strong>P\u00f3ngase en contacto con nosotros<\/strong><br>\u00bfTienes alg\u00fan mashup creativo que compartir o alg\u00fan comentario que hacernos? Nos encantar\u00eda conocer tu opini\u00f3n. Visita nuestra p\u00e1gina de contacto y contacta con nosotros.<\/p>","protected":false},"excerpt":{"rendered":"<p>Are you tired of the same old emojis? At EmojiKitchen.cc, we believe self-expression should be limitless. Imagine combining your favorite emojis to create something new and unique. With Emoji Kitchen, a creative feature in EmojiKitchen.cc, you can mix and match to make personalized emojis that perfectly capture your mood and personality. Let\u2019s dive into why&#8230;<\/p>","protected":false},"author":1,"featured_media":0,"parent":0,"menu_order":0,"comment_status":"closed","ping_status":"closed","template":"","meta":{"_kad_blocks_custom_css":"","_kad_blocks_head_custom_js":"","_kad_blocks_body_custom_js":"","_kad_blocks_footer_custom_js":"","_kad_post_transparent":"","_kad_post_title":"","_kad_post_layout":"","_kad_post_sidebar_id":"","_kad_post_content_style":"","_kad_post_vertical_padding":"","_kad_post_feature":"","_kad_post_feature_position":"","_kad_post_header":false,"_kad_post_footer":false,"_kad_post_classname":"","footnotes":""},"class_list":["post-20","page","type-page","status-publish","hentry"],"taxonomy_info":[],"featured_image_src_large":false,"author_info":{"display_name":"Ben Hu","author_link":"https:\/\/emojikitchen.cc\/es\/author\/ekadmin24\/"},"comment_info":0,"_links":{"self":[{"href":"https:\/\/emojikitchen.cc\/es\/wp-json\/wp\/v2\/pages\/20","targetHints":{"allow":["GET"]}}],"collection":[{"href":"https:\/\/emojikitchen.cc\/es\/wp-json\/wp\/v2\/pages"}],"about":[{"href":"https:\/\/emojikitchen.cc\/es\/wp-json\/wp\/v2\/types\/page"}],"author":[{"embeddable":true,"href":"https:\/\/emojikitchen.cc\/es\/wp-json\/wp\/v2\/users\/1"}],"replies":[{"embeddable":true,"href":"https:\/\/emojikitchen.cc\/es\/wp-json\/wp\/v2\/comments?post=20"}],"version-history":[{"count":1,"href":"https:\/\/emojikitchen.cc\/es\/wp-json\/wp\/v2\/pages\/20\/revisions"}],"predecessor-version":[{"id":1585,"href":"https:\/\/emojikitchen.cc\/es\/wp-json\/wp\/v2\/pages\/20\/revisions\/1585"}],"wp:attachment":[{"href":"https:\/\/emojikitchen.cc\/es\/wp-json\/wp\/v2\/media?parent=20"}],"curies":[{"name":"wp","href":"https:\/\/api.w.org\/{rel}","templated":true}]}}