{"id":1676,"date":"2025-01-30T15:25:53","date_gmt":"2025-01-30T15:25:53","guid":{"rendered":"https:\/\/emojikitchen.cc\/?page_id=1676"},"modified":"2025-01-30T15:32:31","modified_gmt":"2025-01-30T15:32:31","slug":"world-emoji-day","status":"publish","type":"page","link":"https:\/\/emojikitchen.cc\/es\/world-emoji-day\/","title":{"rendered":"D\u00eda Mundial del Emoji"},"content":{"rendered":"<p><strong>D\u00eda Mundial del Emoji<\/strong> es una celebraci\u00f3n anual que tiene lugar el&nbsp;<strong>17 de julio<\/strong>dedicado a los coloridos iconos que han revolucionado la comunicaci\u00f3n digital. Aqu\u00ed tienes un desglose de su significado y su conexi\u00f3n con nuestro anterior debate sobre las tecnolog\u00edas emoji:<\/p>\n\n\n\n<h2 class=\"wp-block-heading\" id=\"origin--purpose\"><strong>Origen y finalidad<\/strong><\/h2>\n\n\n\n<ul class=\"wp-block-list\">\n<li><strong>Fecha<\/strong>: 17 de julio (?\u00a0<strong>emoji de calendario<\/strong>\u00a0muestra esta fecha en muchas plataformas).<\/li>\n\n\n\n<li><strong>Creado en 2014<\/strong>\u00a0por Jeremy Burge, fundador de la Emojipedia.<\/li>\n\n\n\n<li><strong>Objetivo<\/strong>: Celebrar los emojis como lenguaje universal y destacar su impacto cultural.<\/li>\n<\/ul>\n\n\n\n<figure class=\"wp-block-image size-full\"><img decoding=\"async\" width=\"1024\" height=\"576\" src=\"https:\/\/emojikitchen.cc\/wp-content\/uploads\/2025\/01\/A-vibrant-World-Emoji-Day-poster.jpg\" alt=\"\" class=\"wp-image-1678\" srcset=\"https:\/\/emojikitchen.cc\/wp-content\/uploads\/2025\/01\/A-vibrant-World-Emoji-Day-poster.jpg 1024w, https:\/\/emojikitchen.cc\/wp-content\/uploads\/2025\/01\/A-vibrant-World-Emoji-Day-poster-300x169.jpg 300w, https:\/\/emojikitchen.cc\/wp-content\/uploads\/2025\/01\/A-vibrant-World-Emoji-Day-poster-768x432.jpg 768w, https:\/\/emojikitchen.cc\/wp-content\/uploads\/2025\/01\/A-vibrant-World-Emoji-Day-poster-18x10.jpg 18w\" sizes=\"(max-width: 1024px) 100vw, 1024px\" \/><\/figure>\n\n\n\n<h2 class=\"wp-block-heading\" id=\"why-july-17\"><strong>\u00bfPor qu\u00e9 el 17 de julio?<\/strong><\/h2>\n\n\n\n<ul class=\"wp-block-list\">\n<li>La fecha se basa en el\u00a0<strong>? emoji de calendario<\/strong>\u00a0dise\u00f1o en el iOS original de Apple, que se present\u00f3 el 17 de julio.<\/li>\n\n\n\n<li>Ir\u00f3nicamente, plataformas modernas como Google y Microsoft muestran ahora fechas diferentes para este emoji, \u00a1pero la tradici\u00f3n se mantiene!<\/li>\n<\/ul>\n\n\n\n<h2 class=\"wp-block-heading\" id=\"how-it\u2019s-celebrated\"><strong>C\u00f3mo se celebra<\/strong><\/h2>\n\n\n\n<ol class=\"wp-block-list\">\n<li><strong>Tendencias de las redes sociales<\/strong>:\n<ul class=\"wp-block-list\">\n<li>Comparte arte emoji creativo, memes o historias utilizando hashtags como\u00a0<strong>#D\u00edaMundialEmoji<\/strong>.<\/li>\n\n\n\n<li>Las marcas y plataformas anuncian a menudo nuevos emojis o funciones (por ejemplo, los avatares 3D de Meta o las actualizaciones de Memoji de Apple).<\/li>\n<\/ul>\n<\/li>\n\n\n\n<li><strong>Lanzamientos Emoji<\/strong>:\n<ul class=\"wp-block-list\">\n<li>El Consorcio Unicode a veces adelanta pr\u00f3ximos emojis en torno a esta fecha (por ejemplo, el coraz\u00f3n rosa de 2023 ?, el f\u00e9nix ?).<\/li>\n<\/ul>\n<\/li>\n\n\n\n<li><strong>Impacto cultural<\/strong>:\n<ul class=\"wp-block-list\">\n<li>Debates sobre la diversidad de los emoji, su inclusi\u00f3n (por ejemplo, tonos de piel, dise\u00f1os de g\u00e9nero neutro) y su papel en la comunicaci\u00f3n moderna.<\/li>\n<\/ul>\n<\/li>\n<\/ol>\n\n\n\n<h2 class=\"wp-block-heading\" id=\"technical-connection\"><strong>Conexi\u00f3n t\u00e9cnica<\/strong><\/h2>\n\n\n\n<ul class=\"wp-block-list\">\n<li>Las tecnolog\u00edas emoji de las que hemos hablado antes (<strong>Nativo<\/strong>,\u00a0<strong>Sprites<\/strong>,\u00a0<strong>Fuente web<\/strong>) influyen en c\u00f3mo se muestran los emojis durante las celebraciones:\n<ul class=\"wp-block-list\">\n<li><strong>Nativo<\/strong>: Los dise\u00f1os espec\u00edficos de cada plataforma dominan las publicaciones en las redes sociales.<\/li>\n\n\n\n<li><strong>Sprites\/Fuente web<\/strong>: Se utiliza en campa\u00f1as personalizadas (por ejemplo, filtros de marca, sitios web interactivos).<\/li>\n<\/ul>\n<\/li>\n\n\n\n<li>Debates sobre\u00a0<strong>coherencia entre plataformas<\/strong>\u00a0a menudo resurgen en este d\u00eda (por ejemplo, por qu\u00e9 tu \u2764\ufe0f se ve diferente en Android y en iPhone).<\/li>\n<\/ul>\n\n\n\n<h2 class=\"wp-block-heading\" id=\"fun-facts\"><strong>Datos curiosos<\/strong><\/h2>\n\n\n\n<ul class=\"wp-block-list\">\n<li>El emoji m\u00e1s utilizado:\u00a0<strong>?<\/strong>\u00a0(Cara con l\u00e1grimas de alegr\u00eda) en muchas encuestas mundiales.<\/li>\n\n\n\n<li>? Los emojis m\u00e1s nuevos: las incorporaciones de 2024 incluyen\u00a0<strong>? cara temblorosa<\/strong>,\u00a0<strong>? ganso<\/strong>y\u00a0<strong>?\u2b1b f\u00e9nix<\/strong>.<\/li>\n\n\n\n<li>? Los emojis ya forman parte del arte moderno, de la moda y \u00a1hasta de las pruebas judiciales!<\/li>\n<\/ul>\n\n\n\n<p>Tanto si eres un dise\u00f1ador&nbsp;<strong>Sprites vs. Web Font<\/strong>&nbsp;o un usuario amante de&nbsp;<strong>Emojis nativos<\/strong>El D\u00eda Mundial del Emoji nos recuerda c\u00f3mo estos diminutos iconos dan forma a nuestro mundo digital. Y t\u00fa, \u00bfc\u00f3mo lo vas a celebrar? ?\u2728<\/p>","protected":false},"excerpt":{"rendered":"<p>World Emoji Day is an annual celebration held on&nbsp;July 17, dedicated to the colorful icons that have revolutionized digital communication. Here\u2019s a breakdown of its significance and how it connects to our earlier discussion about emoji technologies: Origin &amp; Purpose Why July 17? How It\u2019s Celebrated Technical Connection Fun Facts Whether you\u2019re a designer debating&nbsp;Sprites&#8230;<\/p>","protected":false},"author":1,"featured_media":0,"parent":0,"menu_order":0,"comment_status":"closed","ping_status":"closed","template":"","meta":{"_kad_blocks_custom_css":"","_kad_blocks_head_custom_js":"","_kad_blocks_body_custom_js":"","_kad_blocks_footer_custom_js":"","_kad_post_transparent":"","_kad_post_title":"","_kad_post_layout":"","_kad_post_sidebar_id":"","_kad_post_content_style":"","_kad_post_vertical_padding":"","_kad_post_feature":"","_kad_post_feature_position":"","_kad_post_header":false,"_kad_post_footer":false,"_kad_post_classname":"","footnotes":""},"class_list":["post-1676","page","type-page","status-publish","hentry"],"taxonomy_info":[],"featured_image_src_large":false,"author_info":{"display_name":"Ben Hu","author_link":"https:\/\/emojikitchen.cc\/es\/author\/ekadmin24\/"},"comment_info":0,"_links":{"self":[{"href":"https:\/\/emojikitchen.cc\/es\/wp-json\/wp\/v2\/pages\/1676","targetHints":{"allow":["GET"]}}],"collection":[{"href":"https:\/\/emojikitchen.cc\/es\/wp-json\/wp\/v2\/pages"}],"about":[{"href":"https:\/\/emojikitchen.cc\/es\/wp-json\/wp\/v2\/types\/page"}],"author":[{"embeddable":true,"href":"https:\/\/emojikitchen.cc\/es\/wp-json\/wp\/v2\/users\/1"}],"replies":[{"embeddable":true,"href":"https:\/\/emojikitchen.cc\/es\/wp-json\/wp\/v2\/comments?post=1676"}],"version-history":[{"count":2,"href":"https:\/\/emojikitchen.cc\/es\/wp-json\/wp\/v2\/pages\/1676\/revisions"}],"predecessor-version":[{"id":1680,"href":"https:\/\/emojikitchen.cc\/es\/wp-json\/wp\/v2\/pages\/1676\/revisions\/1680"}],"wp:attachment":[{"href":"https:\/\/emojikitchen.cc\/es\/wp-json\/wp\/v2\/media?parent=1676"}],"curies":[{"name":"wp","href":"https:\/\/api.w.org\/{rel}","templated":true}]}}