{"id":30,"date":"2024-11-15T09:09:51","date_gmt":"2024-11-15T09:09:51","guid":{"rendered":"https:\/\/www.emojikitchen.cc\/?page_id=30"},"modified":"2024-11-15T09:09:52","modified_gmt":"2024-11-15T09:09:52","slug":"disclaimer","status":"publish","type":"page","link":"https:\/\/emojikitchen.cc\/de\/disclaimer\/","title":{"rendered":"Haftungsausschluss"},"content":{"rendered":"<h1 class=\"wp-block-heading\" id=\"legal-disclaimer-for-emojikitchencc-your-usage-your-responsibility\">Rechtlicher Hinweis f\u00fcr EmojiKitchen.cc: Ihre Nutzung, Ihre Verantwortung<\/h1>\n\n\n\n<p>Wir von EmojiKitchen.cc sind bestrebt, genaue und verl\u00e4ssliche Informationen zu liefern, aber es ist wichtig, die folgenden Punkte zu Ihrem Verst\u00e4ndnis zu beachten:<\/p>\n\n\n\n<h2 class=\"wp-block-heading\" id=\"?-general-information\">? Allgemeine Informationen<\/h2>\n\n\n\n<p>Der Inhalt dieser Website wird nach bestem Wissen und Gewissen und ausschlie\u00dflich zu allgemeinen Informationszwecken zur Verf\u00fcgung gestellt. Wir bem\u00fchen uns um die Richtigkeit der Angaben, \u00fcbernehmen jedoch keine Garantie f\u00fcr die Vollst\u00e4ndigkeit, Richtigkeit oder Zuverl\u00e4ssigkeit der dargestellten Informationen. Alle Handlungen, die Sie auf der Grundlage unserer Inhalte vornehmen, erfolgen auf Ihr eigenes Risiko. Wir haften nicht f\u00fcr Verluste oder Sch\u00e4den, die sich aus der Nutzung unserer Website ergeben.<\/p>\n\n\n\n<h2 class=\"wp-block-heading\" id=\"?-external-links-and-third-party-websites\">? Externe Links und Websites von Drittanbietern<\/h2>\n\n\n\n<p>Unsere Plattform kann Links zu Websites von Drittanbietern enthalten, die einen Mehrwert bieten und als Referenz dienen. Sobald Sie jedoch auf diese Links klicken, verlassen Sie EmojiKitchen.cc, und wir haben keine Kontrolle \u00fcber den Inhalt oder die Aktualisierungen der externen Websites. Die Aufnahme dieser Links bedeutet nicht, dass wir den Inhalt dieser Seiten guthei\u00dfen. Die Eigent\u00fcmer von Websites k\u00f6nnen ihre Inhalte \u00e4ndern, ohne uns zu benachrichtigen, und ein Link, der einmal hilfreich war, kann nicht mehr angemessen sein.<\/p>\n\n\n\n<figure class=\"wp-block-table\"><table class=\"has-fixed-layout\"><thead><tr><th><strong>Aspekt<\/strong><\/th><th><strong>Unsere Verantwortung<\/strong><\/th><\/tr><\/thead><tbody><tr><td>Genauigkeit der externen Inhalte<\/td><td>Nicht garantiert<\/td><\/tr><tr><td>Zuverl\u00e4ssigkeit der Verbindung<\/td><td>Nicht gesichert<\/td><\/tr><tr><td>Externe Datenschutzrichtlinien<\/td><td>Au\u00dferhalb unserer Kontrolle<\/td><\/tr><\/tbody><\/table><\/figure>\n\n\n\n<p>Bitte achten Sie darauf, wenn Sie unsere Website verlassen, und lesen Sie die Datenschutzrichtlinien und Nutzungsbedingungen der externen Plattformen, die Sie besuchen.<\/p>\n\n\n\n<h2 class=\"wp-block-heading\" id=\"?\ufe0f-your-consent-matters\">?\ufe0f Ihre Zustimmung ist wichtig<\/h2>\n\n\n\n<p>Durch die weitere Nutzung von EmojiKitchen.cc erkennen Sie die Bedingungen unseres Haftungsausschlusses an und stimmen ihnen zu. Wir raten allen Nutzern, sich \u00fcber Aktualisierungen oder \u00c4nderungen dieses Dokuments zu informieren, da wir diese umgehend ver\u00f6ffentlichen werden, um Sie \u00fcber alle \u00c4nderungen auf dem Laufenden zu halten.<\/p>\n\n\n\n<h2 class=\"wp-block-heading\" id=\"?-need-more-info\">? Brauchen Sie mehr Informationen?<\/h2>\n\n\n\n<p>Wenn Sie Fragen zu diesem Haftungsausschluss haben oder weitere Informationen ben\u00f6tigen, wenden Sie sich bitte an uns unter <strong>hzq6958@gmail.com<\/strong>. Wir legen Wert auf eine offene Kommunikation und sind f\u00fcr alle Ihre Anliegen da.<\/p>","protected":false},"excerpt":{"rendered":"<p>Legal Disclaimer for EmojiKitchen.cc: Your Usage, Your Responsibility At EmojiKitchen.cc, we aim to provide accurate and reliable information, but it\u2019s essential to note the following points for your understanding: ? General Information The content on this website is shared in good faith, purely for general informational purposes. We make every effort to ensure the details&#8230;<\/p>","protected":false},"author":1,"featured_media":0,"parent":0,"menu_order":0,"comment_status":"closed","ping_status":"closed","template":"","meta":{"_kad_blocks_custom_css":"","_kad_blocks_head_custom_js":"","_kad_blocks_body_custom_js":"","_kad_blocks_footer_custom_js":"","_kad_post_transparent":"","_kad_post_title":"","_kad_post_layout":"","_kad_post_sidebar_id":"","_kad_post_content_style":"","_kad_post_vertical_padding":"","_kad_post_feature":"","_kad_post_feature_position":"","_kad_post_header":false,"_kad_post_footer":false,"_kad_post_classname":"","footnotes":""},"class_list":["post-30","page","type-page","status-publish","hentry"],"taxonomy_info":[],"featured_image_src_large":false,"author_info":{"display_name":"Ben Hu","author_link":"https:\/\/emojikitchen.cc\/de\/author\/ekadmin24\/"},"comment_info":0,"_links":{"self":[{"href":"https:\/\/emojikitchen.cc\/de\/wp-json\/wp\/v2\/pages\/30","targetHints":{"allow":["GET"]}}],"collection":[{"href":"https:\/\/emojikitchen.cc\/de\/wp-json\/wp\/v2\/pages"}],"about":[{"href":"https:\/\/emojikitchen.cc\/de\/wp-json\/wp\/v2\/types\/page"}],"author":[{"embeddable":true,"href":"https:\/\/emojikitchen.cc\/de\/wp-json\/wp\/v2\/users\/1"}],"replies":[{"embeddable":true,"href":"https:\/\/emojikitchen.cc\/de\/wp-json\/wp\/v2\/comments?post=30"}],"version-history":[{"count":0,"href":"https:\/\/emojikitchen.cc\/de\/wp-json\/wp\/v2\/pages\/30\/revisions"}],"wp:attachment":[{"href":"https:\/\/emojikitchen.cc\/de\/wp-json\/wp\/v2\/media?parent=30"}],"curies":[{"name":"wp","href":"https:\/\/api.w.org\/{rel}","templated":true}]}}